{"id":1179,"date":"2026-05-08T23:28:46","date_gmt":"2026-05-08T23:28:46","guid":{"rendered":"https:\/\/olebelbalady.com\/artistas-famosas\/"},"modified":"2026-05-09T00:18:50","modified_gmt":"2026-05-09T00:18:50","slug":"artistas-famosas","status":"publish","type":"page","link":"https:\/\/olebelbalady.com\/es\/artistas-famosas\/","title":{"rendered":"Artistas famosas"},"content":{"rendered":"\t\t<div data-elementor-type=\"wp-page\" data-elementor-id=\"1179\" class=\"elementor elementor-1179\" data-elementor-post-type=\"page\">\n\t\t\t\t<div class=\"elementor-element elementor-element-ac72811 e-flex e-con-boxed e-con e-parent\" data-id=\"ac72811\" data-element_type=\"container\" data-e-type=\"container\" data-settings=\"{&quot;background_background&quot;:&quot;classic&quot;}\">\n\t\t\t\t\t<div class=\"e-con-inner\">\n\t\t<div class=\"elementor-element elementor-element-f4010c4 e-con-full e-flex e-con e-child\" data-id=\"f4010c4\" data-element_type=\"container\" data-e-type=\"container\">\n\t\t<div class=\"elementor-element elementor-element-88b8f98 e-con-full e-flex e-con e-child\" data-id=\"88b8f98\" data-element_type=\"container\" data-e-type=\"container\">\n\t\t\t\t<div class=\"elementor-element elementor-element-390e528 elementor-invisible elementor-widget elementor-widget-heading\" data-id=\"390e528\" data-element_type=\"widget\" data-e-type=\"widget\" data-settings=\"{&quot;_animation&quot;:&quot;fadeInUp&quot;}\" data-widget_type=\"heading.default\">\n\t\t\t\t\t<h2 class=\"elementor-heading-title elementor-size-default\">Artistas famosas<\/h2>\t\t\t\t<\/div>\n\t\t\t\t<\/div>\n\t\t\t\t<\/div>\n\t\t<div class=\"elementor-element elementor-element-c5446af e-con-full e-flex e-con e-child\" data-id=\"c5446af\" data-element_type=\"container\" data-e-type=\"container\" data-settings=\"{&quot;background_background&quot;:&quot;classic&quot;}\">\n\t\t<div class=\"elementor-element elementor-element-3fc8758 e-con-full e-flex e-con e-child\" data-id=\"3fc8758\" data-element_type=\"container\" data-e-type=\"container\">\n\t\t<div class=\"elementor-element elementor-element-eb09769 e-con-full e-flex elementor-invisible e-con e-child\" data-id=\"eb09769\" data-element_type=\"container\" data-e-type=\"container\" data-settings=\"{&quot;animation&quot;:&quot;fadeInUp&quot;}\">\n\t\t\t\t<div class=\"elementor-element elementor-element-3e2d8c0 elementor-position-top elementor-widget elementor-widget-image-box\" data-id=\"3e2d8c0\" data-element_type=\"widget\" data-e-type=\"widget\" data-widget_type=\"image-box.default\">\n\t\t\t\t\t<div class=\"elementor-image-box-wrapper\"><figure class=\"elementor-image-box-img\"><img decoding=\"async\" src=\"https:\/\/olebelbalady.com\/wp-content\/uploads\/elementor\/thumbs\/WhatsApp-Image-2026-05-09-at-2.04.05-AM-3-rn6ejljriapqywqraqsldbjs65thj22c8zsyroibgc.jpeg\" title=\"WhatsApp Image 2026-05-09 at 2.04.05 AM (3)\" alt=\"WhatsApp Image 2026-05-09 at 2.04.05 AM (3)\" loading=\"lazy\" \/><\/figure><div class=\"elementor-image-box-content\"><h4 class=\"elementor-image-box-title\">Luc\u00eda Lacarra<\/h4><\/div><\/div>\t\t\t\t<\/div>\n\t\t\t\t<\/div>\n\t\t<div class=\"elementor-element elementor-element-75c4dcb e-con-full e-flex elementor-invisible e-con e-child\" data-id=\"75c4dcb\" data-element_type=\"container\" data-e-type=\"container\" data-settings=\"{&quot;animation&quot;:&quot;fadeInUp&quot;}\">\n\t\t\t\t<div class=\"elementor-element elementor-element-65a02da elementor-position-top elementor-widget elementor-widget-image-box\" data-id=\"65a02da\" data-element_type=\"widget\" data-e-type=\"widget\" data-widget_type=\"image-box.default\">\n\t\t\t\t\t<div class=\"elementor-image-box-wrapper\"><figure class=\"elementor-image-box-img\"><img decoding=\"async\" src=\"https:\/\/olebelbalady.com\/wp-content\/uploads\/elementor\/thumbs\/WhatsApp-Image-2026-05-09-at-2.04.05-AM-2-rn6eimrqhfe51c59xtreb2bq6wkwm989s7o00fxvuk.jpeg\" title=\"\" alt=\"\" loading=\"lazy\" \/><\/figure><div class=\"elementor-image-box-content\"><h4 class=\"elementor-image-box-title\">\u00c1ngel Corella<\/h4><\/div><\/div>\t\t\t\t<\/div>\n\t\t\t\t<\/div>\n\t\t<div class=\"elementor-element elementor-element-9214514 e-con-full e-flex elementor-invisible e-con e-child\" data-id=\"9214514\" data-element_type=\"container\" data-e-type=\"container\" data-settings=\"{&quot;animation&quot;:&quot;fadeInUp&quot;}\">\n\t\t\t\t<div class=\"elementor-element elementor-element-13e47a6 elementor-position-top elementor-widget elementor-widget-image-box\" data-id=\"13e47a6\" data-element_type=\"widget\" data-e-type=\"widget\" data-widget_type=\"image-box.default\">\n\t\t\t\t\t<div class=\"elementor-image-box-wrapper\"><figure class=\"elementor-image-box-img\"><img decoding=\"async\" src=\"https:\/\/olebelbalady.com\/wp-content\/uploads\/elementor\/thumbs\/WhatsApp-Image-2026-05-09-at-2.04.05-AM-rn6egevgcicrmhdbwd83x4hjp5ipfzf3587q7x8cjg.jpeg\" title=\"WhatsApp Image 2026-05-09 at 2.04.05 AM\" alt=\"WhatsApp Image 2026-05-09 at 2.04.05 AM\" loading=\"lazy\" \/><\/figure><div class=\"elementor-image-box-content\"><h4 class=\"elementor-image-box-title\">Tamara Rojo<\/h4><\/div><\/div>\t\t\t\t<\/div>\n\t\t\t\t<\/div>\n\t\t\t\t<\/div>\n\t\t\t\t<\/div>\n\t\t<div class=\"elementor-element elementor-element-7cdcc4e e-con-full e-flex e-con e-child\" data-id=\"7cdcc4e\" data-element_type=\"container\" data-e-type=\"container\" data-settings=\"{&quot;background_background&quot;:&quot;classic&quot;}\">\n\t\t<div class=\"elementor-element elementor-element-c61e13b e-con-full e-flex e-con e-child\" data-id=\"c61e13b\" data-element_type=\"container\" data-e-type=\"container\">\n\t\t<div class=\"elementor-element elementor-element-5412429 e-con-full e-flex elementor-invisible e-con e-child\" data-id=\"5412429\" data-element_type=\"container\" data-e-type=\"container\" data-settings=\"{&quot;animation&quot;:&quot;fadeInUp&quot;}\">\n\t\t\t\t<div class=\"elementor-element elementor-element-ab96f84 elementor-position-top elementor-widget elementor-widget-image-box\" data-id=\"ab96f84\" data-element_type=\"widget\" data-e-type=\"widget\" data-widget_type=\"image-box.default\">\n\t\t\t\t\t<div class=\"elementor-image-box-wrapper\"><figure class=\"elementor-image-box-img\"><img decoding=\"async\" src=\"https:\/\/olebelbalady.com\/wp-content\/uploads\/elementor\/thumbs\/WhatsApp-Image-2026-05-09-at-2.04.06-AM-rn6endud19wbqd8s6vphwv5mb15pj63f3qedcsw8e4.jpeg\" title=\"WhatsApp Image 2026-05-09 at 2.04.06 AM\" alt=\"WhatsApp Image 2026-05-09 at 2.04.06 AM\" loading=\"lazy\" \/><\/figure><div class=\"elementor-image-box-content\"><h4 class=\"elementor-image-box-title\">Sara Baras<\/h4><\/div><\/div>\t\t\t\t<\/div>\n\t\t\t\t<\/div>\n\t\t<div class=\"elementor-element elementor-element-e5ab7f2 e-con-full e-flex elementor-invisible e-con e-child\" data-id=\"e5ab7f2\" data-element_type=\"container\" data-e-type=\"container\" data-settings=\"{&quot;animation&quot;:&quot;fadeInUp&quot;}\">\n\t\t\t\t<div class=\"elementor-element elementor-element-83a43cd elementor-position-top elementor-widget elementor-widget-image-box\" data-id=\"83a43cd\" data-element_type=\"widget\" data-e-type=\"widget\" data-widget_type=\"image-box.default\">\n\t\t\t\t\t<div class=\"elementor-image-box-wrapper\"><figure class=\"elementor-image-box-img\"><img decoding=\"async\" src=\"https:\/\/olebelbalady.com\/wp-content\/uploads\/elementor\/thumbs\/WhatsApp-Image-2026-05-09-at-2.04.05-AM-5-rn6emc8tfwgutyreafgf54n6jmb0z9y5mkay5qfzb0.jpeg\" title=\"WhatsApp Image 2026-05-09 at 2.04.05 AM (5)\" alt=\"WhatsApp Image 2026-05-09 at 2.04.05 AM (5)\" loading=\"lazy\" \/><\/figure><div class=\"elementor-image-box-content\"><h4 class=\"elementor-image-box-title\">N\u00faria Guiu<\/h4><\/div><\/div>\t\t\t\t<\/div>\n\t\t\t\t<\/div>\n\t\t<div class=\"elementor-element elementor-element-e6d87d5 e-con-full e-flex elementor-invisible e-con e-child\" data-id=\"e6d87d5\" data-element_type=\"container\" data-e-type=\"container\" data-settings=\"{&quot;animation&quot;:&quot;fadeInUp&quot;}\">\n\t\t\t\t<div class=\"elementor-element elementor-element-1c8a5d2 elementor-position-top elementor-widget elementor-widget-image-box\" data-id=\"1c8a5d2\" data-element_type=\"widget\" data-e-type=\"widget\" data-widget_type=\"image-box.default\">\n\t\t\t\t\t<div class=\"elementor-image-box-wrapper\"><figure class=\"elementor-image-box-img\"><img decoding=\"async\" src=\"https:\/\/olebelbalady.com\/wp-content\/uploads\/elementor\/thumbs\/WhatsApp-Image-2026-05-09-at-2.04.05-AM-4-rn6ekssc8ocxsyzya9hfk0mzhvwdd4tzqxtaueq7i4.jpeg\" title=\"WhatsApp Image 2026-05-09 at 2.04.05 AM (4)\" alt=\"WhatsApp Image 2026-05-09 at 2.04.05 AM (4)\" loading=\"lazy\" \/><\/figure><div class=\"elementor-image-box-content\"><h4 class=\"elementor-image-box-title\">nacho duato<\/h4><\/div><\/div>\t\t\t\t<\/div>\n\t\t\t\t<\/div>\n\t\t\t\t<\/div>\n\t\t\t\t<\/div>\n\t\t<div class=\"elementor-element elementor-element-02a5c83 e-con-full e-flex e-con e-child\" data-id=\"02a5c83\" data-element_type=\"container\" data-e-type=\"container\" data-settings=\"{&quot;background_background&quot;:&quot;classic&quot;}\">\n\t\t<div class=\"elementor-element elementor-element-fc4abdf e-con-full e-flex e-con e-child\" data-id=\"fc4abdf\" data-element_type=\"container\" data-e-type=\"container\">\n\t\t<div class=\"elementor-element elementor-element-70ed570 e-con-full e-flex elementor-invisible e-con e-child\" data-id=\"70ed570\" data-element_type=\"container\" data-e-type=\"container\" data-settings=\"{&quot;animation&quot;:&quot;fadeInUp&quot;}\">\n\t\t\t\t<div class=\"elementor-element elementor-element-4b12d78 elementor-position-top elementor-widget elementor-widget-image-box\" data-id=\"4b12d78\" data-element_type=\"widget\" data-e-type=\"widget\" data-widget_type=\"image-box.default\">\n\t\t\t\t\t<div class=\"elementor-image-box-wrapper\"><figure class=\"elementor-image-box-img\"><img decoding=\"async\" src=\"https:\/\/olebelbalady.com\/wp-content\/uploads\/elementor\/thumbs\/WhatsApp-Image-2026-05-09-at-2.04.06-AM-3-rn6f11fybmlaefepga7dmx3ozjuocvb1bblbcinbzw.jpeg\" title=\"WhatsApp Image 2026-05-09 at 2.04.06 AM (3)\" alt=\"WhatsApp Image 2026-05-09 at 2.04.06 AM (3)\" loading=\"lazy\" \/><\/figure><div class=\"elementor-image-box-content\"><h4 class=\"elementor-image-box-title\">Joaqu\u00edn Cort\u00e9s<\/h4><\/div><\/div>\t\t\t\t<\/div>\n\t\t\t\t<\/div>\n\t\t<div class=\"elementor-element elementor-element-ace5ef2 e-con-full e-flex elementor-invisible e-con e-child\" data-id=\"ace5ef2\" data-element_type=\"container\" data-e-type=\"container\" data-settings=\"{&quot;animation&quot;:&quot;fadeInUp&quot;}\">\n\t\t\t\t<div class=\"elementor-element elementor-element-91fd23d elementor-position-top elementor-widget elementor-widget-image-box\" data-id=\"91fd23d\" data-element_type=\"widget\" data-e-type=\"widget\" data-widget_type=\"image-box.default\">\n\t\t\t\t\t<div class=\"elementor-image-box-wrapper\"><figure class=\"elementor-image-box-img\"><img decoding=\"async\" src=\"https:\/\/olebelbalady.com\/wp-content\/uploads\/elementor\/thumbs\/WhatsApp-Image-2026-05-09-at-2.04.06-AM-2-rn6f0d05dxnu0ke7ezn2u39pjj74sqm0jymovbnkho.jpeg\" title=\"WhatsApp Image 2026-05-09 at 2.04.06 AM (2)\" alt=\"WhatsApp Image 2026-05-09 at 2.04.06 AM (2)\" loading=\"lazy\" \/><\/figure><div class=\"elementor-image-box-content\"><h4 class=\"elementor-image-box-title\">Antonio Gades<\/h4><\/div><\/div>\t\t\t\t<\/div>\n\t\t\t\t<\/div>\n\t\t<div class=\"elementor-element elementor-element-3868b6e e-con-full e-flex elementor-invisible e-con e-child\" data-id=\"3868b6e\" data-element_type=\"container\" data-e-type=\"container\" data-settings=\"{&quot;animation&quot;:&quot;fadeInUp&quot;}\">\n\t\t\t\t<div class=\"elementor-element elementor-element-924ec22 elementor-position-top elementor-widget elementor-widget-image-box\" data-id=\"924ec22\" data-element_type=\"widget\" data-e-type=\"widget\" data-widget_type=\"image-box.default\">\n\t\t\t\t\t<div class=\"elementor-image-box-wrapper\"><figure class=\"elementor-image-box-img\"><img decoding=\"async\" src=\"https:\/\/olebelbalady.com\/wp-content\/uploads\/elementor\/thumbs\/WhatsApp-Image-2026-05-09-at-2.04.06-AM-1-rn6eoslnabtt5b71yhncnicidu7j2toxapml9qsz24.jpeg\" title=\"WhatsApp Image 2026-05-09 at 2.04.06 AM (1)\" alt=\"WhatsApp Image 2026-05-09 at 2.04.06 AM (1)\" loading=\"lazy\" \/><\/figure><div class=\"elementor-image-box-content\"><h4 class=\"elementor-image-box-title\">nacho duato<\/h4><\/div><\/div>\t\t\t\t<\/div>\n\t\t\t\t<\/div>\n\t\t\t\t<\/div>\n\t\t\t\t<\/div>\n\t\t<div class=\"elementor-element elementor-element-92621dc e-con-full e-flex e-con e-child\" data-id=\"92621dc\" data-element_type=\"container\" data-e-type=\"container\" data-settings=\"{&quot;background_background&quot;:&quot;classic&quot;}\">\n\t\t<div class=\"elementor-element elementor-element-43508aa e-con-full e-flex e-con e-child\" data-id=\"43508aa\" data-element_type=\"container\" data-e-type=\"container\">\n\t\t<div class=\"elementor-element elementor-element-2cb6031 e-con-full e-flex elementor-invisible e-con e-child\" data-id=\"2cb6031\" data-element_type=\"container\" data-e-type=\"container\" data-settings=\"{&quot;animation&quot;:&quot;fadeInUp&quot;}\">\n\t\t\t\t<div class=\"elementor-element elementor-element-540c74d elementor-position-top elementor-widget elementor-widget-image-box\" data-id=\"540c74d\" data-element_type=\"widget\" data-e-type=\"widget\" data-widget_type=\"image-box.default\">\n\t\t\t\t\t<div class=\"elementor-image-box-wrapper\"><figure class=\"elementor-image-box-img\"><img decoding=\"async\" src=\"https:\/\/olebelbalady.com\/wp-content\/uploads\/elementor\/thumbs\/WhatsApp-Image-2026-05-09-at-2.04.06-AM-6-rn6f3s5098ce9hfcfyv7eq73d0c7t36uow3aqkkzuk.jpeg\" title=\"WhatsApp Image 2026-05-09 at 2.04.06 AM (6)\" alt=\"WhatsApp Image 2026-05-09 at 2.04.06 AM (6)\" loading=\"lazy\" \/><\/figure><div class=\"elementor-image-box-content\"><h4 class=\"elementor-image-box-title\">Matilde Coral<\/h4><\/div><\/div>\t\t\t\t<\/div>\n\t\t\t\t<\/div>\n\t\t<div class=\"elementor-element elementor-element-0d77b27 e-con-full e-flex elementor-invisible e-con e-child\" data-id=\"0d77b27\" data-element_type=\"container\" data-e-type=\"container\" data-settings=\"{&quot;animation&quot;:&quot;fadeInUp&quot;}\">\n\t\t\t\t<div class=\"elementor-element elementor-element-2251977 elementor-position-top elementor-widget elementor-widget-image-box\" data-id=\"2251977\" data-element_type=\"widget\" data-e-type=\"widget\" data-widget_type=\"image-box.default\">\n\t\t\t\t\t<div class=\"elementor-image-box-wrapper\"><figure class=\"elementor-image-box-img\"><img fetchpriority=\"high\" decoding=\"async\" width=\"225\" height=\"225\" src=\"https:\/\/olebelbalady.com\/wp-content\/uploads\/2026\/05\/WhatsApp-Image-2026-05-09-at-2.04.06-AM-5.jpeg\" class=\"attachment-full size-full wp-image-1141\" alt=\"\" srcset=\"https:\/\/olebelbalady.com\/wp-content\/uploads\/2026\/05\/WhatsApp-Image-2026-05-09-at-2.04.06-AM-5.jpeg 225w, https:\/\/olebelbalady.com\/wp-content\/uploads\/2026\/05\/WhatsApp-Image-2026-05-09-at-2.04.06-AM-5-150x150.jpeg 150w, https:\/\/olebelbalady.com\/wp-content\/uploads\/2026\/05\/elementor\/thumbs\/WhatsApp-Image-2026-05-09-at-2.04.06-AM-5-150x150.jpeg 230w, https:\/\/olebelbalady.com\/wp-content\/uploads\/2026\/05\/elementor\/thumbs\/WhatsApp-Image-2026-05-09-at-2.04.06-AM-5-150x150.jpeg 300w, https:\/\/olebelbalady.com\/wp-content\/uploads\/2026\/05\/elementor\/thumbs\/WhatsApp-Image-2026-05-09-at-2.04.06-AM-5-150x150.jpeg 400w, https:\/\/olebelbalady.com\/wp-content\/uploads\/2026\/05\/elementor\/thumbs\/WhatsApp-Image-2026-05-09-at-2.04.06-AM-5-150x150.jpeg 600w, https:\/\/olebelbalady.com\/wp-content\/uploads\/2026\/05\/elementor\/thumbs\/WhatsApp-Image-2026-05-09-at-2.04.06-AM-5-150x150.jpeg 800w\" sizes=\"(max-width: 225px) 100vw, 225px\" \/><\/figure><div class=\"elementor-image-box-content\"><h4 class=\"elementor-image-box-title\">Farruquito<\/h4><\/div><\/div>\t\t\t\t<\/div>\n\t\t\t\t<\/div>\n\t\t<div class=\"elementor-element elementor-element-4c8b2e7 e-con-full e-flex elementor-invisible e-con e-child\" data-id=\"4c8b2e7\" data-element_type=\"container\" data-e-type=\"container\" data-settings=\"{&quot;animation&quot;:&quot;fadeInUp&quot;}\">\n\t\t\t\t<div class=\"elementor-element elementor-element-e4fe717 elementor-position-top elementor-widget elementor-widget-image-box\" data-id=\"e4fe717\" data-element_type=\"widget\" data-e-type=\"widget\" data-widget_type=\"image-box.default\">\n\t\t\t\t\t<div class=\"elementor-image-box-wrapper\"><figure class=\"elementor-image-box-img\"><img decoding=\"async\" src=\"https:\/\/olebelbalady.com\/wp-content\/uploads\/elementor\/thumbs\/WhatsApp-Image-2026-05-09-at-2.04.06-AM-4-rn6f29md8u9rk3mjabaue3ycwnsxen6f5e94wittvg.jpeg\" title=\"WhatsApp Image 2026-05-09 at 2.04.06 AM (4)\" alt=\"WhatsApp Image 2026-05-09 at 2.04.06 AM (4)\" loading=\"lazy\" \/><\/figure><div class=\"elementor-image-box-content\"><h4 class=\"elementor-image-box-title\">Eva Yerbabuena<\/h4><\/div><\/div>\t\t\t\t<\/div>\n\t\t\t\t<\/div>\n\t\t\t\t<\/div>\n\t\t\t\t<\/div>\n\t\t<div class=\"elementor-element elementor-element-6923518 e-con-full e-flex e-con e-child\" data-id=\"6923518\" data-element_type=\"container\" data-e-type=\"container\" data-settings=\"{&quot;background_background&quot;:&quot;classic&quot;}\">\n\t\t<div class=\"elementor-element elementor-element-0173926 e-con-full e-flex e-con e-child\" data-id=\"0173926\" data-element_type=\"container\" data-e-type=\"container\">\n\t\t<div class=\"elementor-element elementor-element-bd92fda e-con-full e-flex elementor-invisible e-con e-child\" data-id=\"bd92fda\" data-element_type=\"container\" data-e-type=\"container\" data-settings=\"{&quot;animation&quot;:&quot;fadeInUp&quot;}\">\n\t\t\t\t<div class=\"elementor-element elementor-element-9f5a263 elementor-position-top elementor-widget elementor-widget-image-box\" data-id=\"9f5a263\" data-element_type=\"widget\" data-e-type=\"widget\" data-widget_type=\"image-box.default\">\n\t\t\t\t\t<div class=\"elementor-image-box-wrapper\"><figure class=\"elementor-image-box-img\"><img decoding=\"async\" src=\"https:\/\/olebelbalady.com\/wp-content\/uploads\/elementor\/thumbs\/WhatsApp-Image-2026-05-09-at-2.04.07-AM-rn6f5z3g7bchcq8nmwzv869t9dj1rnwazqw31tbxbw.jpeg\" title=\"WhatsApp Image 2026-05-09 at 2.04.07 AM\" alt=\"WhatsApp Image 2026-05-09 at 2.04.07 AM\" loading=\"lazy\" \/><\/figure><div class=\"elementor-image-box-content\"><h4 class=\"elementor-image-box-title\">Antonio Canales<\/h4><\/div><\/div>\t\t\t\t<\/div>\n\t\t\t\t<\/div>\n\t\t<div class=\"elementor-element elementor-element-6cd852e e-con-full e-flex elementor-invisible e-con e-child\" data-id=\"6cd852e\" data-element_type=\"container\" data-e-type=\"container\" data-settings=\"{&quot;animation&quot;:&quot;fadeInUp&quot;}\">\n\t\t\t\t<div class=\"elementor-element elementor-element-364c6ed elementor-position-top elementor-widget elementor-widget-image-box\" data-id=\"364c6ed\" data-element_type=\"widget\" data-e-type=\"widget\" data-widget_type=\"image-box.default\">\n\t\t\t\t\t<div class=\"elementor-image-box-wrapper\"><figure class=\"elementor-image-box-img\"><img decoding=\"async\" src=\"https:\/\/olebelbalady.com\/wp-content\/uploads\/elementor\/thumbs\/WhatsApp-Image-2026-05-09-at-2.04.06-AM-8-rn6f5cjbnahlm35fan8tkbyr04m8mxeqwn8fj69dh8.jpeg\" title=\"WhatsApp Image 2026-05-09 at 2.04.06 AM (8)\" alt=\"WhatsApp Image 2026-05-09 at 2.04.06 AM (8)\" loading=\"lazy\" \/><\/figure><div class=\"elementor-image-box-content\"><h4 class=\"elementor-image-box-title\">Lola Flores \"La Faraona\"<\/h4><\/div><\/div>\t\t\t\t<\/div>\n\t\t\t\t<\/div>\n\t\t<div class=\"elementor-element elementor-element-8eb8858 e-con-full e-flex elementor-invisible e-con e-child\" data-id=\"8eb8858\" data-element_type=\"container\" data-e-type=\"container\" data-settings=\"{&quot;animation&quot;:&quot;fadeInUp&quot;}\">\n\t\t\t\t<div class=\"elementor-element elementor-element-e99db4e elementor-position-top elementor-widget elementor-widget-image-box\" data-id=\"e99db4e\" data-element_type=\"widget\" data-e-type=\"widget\" data-widget_type=\"image-box.default\">\n\t\t\t\t\t<div class=\"elementor-image-box-wrapper\"><figure class=\"elementor-image-box-img\"><img decoding=\"async\" src=\"https:\/\/olebelbalady.com\/wp-content\/uploads\/elementor\/thumbs\/WhatsApp-Image-2026-05-09-at-2.04.06-AM-7-rn6f4m7ubxhkl07nkbv9miludc7ynei9h0yu3fcebg.jpeg\" title=\"WhatsApp Image 2026-05-09 at 2.04.06 AM (7)\" alt=\"WhatsApp Image 2026-05-09 at 2.04.06 AM (7)\" loading=\"lazy\" \/><\/figure><div class=\"elementor-image-box-content\"><h4 class=\"elementor-image-box-title\">Vicente Escudero<\/h4><\/div><\/div>\t\t\t\t<\/div>\n\t\t\t\t<\/div>\n\t\t\t\t<\/div>\n\t\t\t\t<\/div>\n\t\t<div class=\"elementor-element elementor-element-4544006 e-con-full e-flex e-con e-child\" data-id=\"4544006\" data-element_type=\"container\" data-e-type=\"container\" data-settings=\"{&quot;background_background&quot;:&quot;classic&quot;}\">\n\t\t<div class=\"elementor-element elementor-element-e75404c e-con-full e-flex e-con e-child\" data-id=\"e75404c\" data-element_type=\"container\" data-e-type=\"container\">\n\t\t<div class=\"elementor-element elementor-element-a165860 e-con-full e-flex elementor-invisible e-con e-child\" data-id=\"a165860\" data-element_type=\"container\" data-e-type=\"container\" data-settings=\"{&quot;animation&quot;:&quot;fadeInUp&quot;}\">\n\t\t\t\t<div class=\"elementor-element elementor-element-389e97f elementor-position-top elementor-widget elementor-widget-image-box\" data-id=\"389e97f\" data-element_type=\"widget\" data-e-type=\"widget\" data-widget_type=\"image-box.default\">\n\t\t\t\t\t<div class=\"elementor-image-box-wrapper\"><figure class=\"elementor-image-box-img\"><img decoding=\"async\" src=\"https:\/\/olebelbalady.com\/wp-content\/uploads\/elementor\/thumbs\/WhatsApp-Image-2026-05-09-at-2.04.07-AM-2-rn6f7a3dp14th8ce0hb7oueuyn3egj2vu7id1ne8os.jpeg\" title=\"WhatsApp Image 2026-05-09 at 2.04.07 AM (2)\" alt=\"WhatsApp Image 2026-05-09 at 2.04.07 AM (2)\" loading=\"lazy\" \/><\/figure><div class=\"elementor-image-box-content\"><h4 class=\"elementor-image-box-title\">Lola Flores \"La Faraona\"<\/h4><\/div><\/div>\t\t\t\t<\/div>\n\t\t\t\t<\/div>\n\t\t<div class=\"elementor-element elementor-element-232cc70 e-con-full e-flex elementor-invisible e-con e-child\" data-id=\"232cc70\" data-element_type=\"container\" data-e-type=\"container\" data-settings=\"{&quot;animation&quot;:&quot;fadeInUp&quot;}\">\n\t\t\t\t<div class=\"elementor-element elementor-element-a036b30 elementor-position-top elementor-widget elementor-widget-image-box\" data-id=\"a036b30\" data-element_type=\"widget\" data-e-type=\"widget\" data-widget_type=\"image-box.default\">\n\t\t\t\t\t<div class=\"elementor-image-box-wrapper\"><figure class=\"elementor-image-box-img\"><img decoding=\"async\" src=\"https:\/\/olebelbalady.com\/wp-content\/uploads\/elementor\/thumbs\/WhatsApp-Image-2026-05-09-at-2.04.07-AM-1-rn6f6pexiocidt6fd8df5zmpw5xbr6ssfd5ohk8who.jpeg\" title=\"WhatsApp Image 2026-05-09 at 2.04.07 AM (1)\" alt=\"WhatsApp Image 2026-05-09 at 2.04.07 AM (1)\" loading=\"lazy\" \/><\/figure><div class=\"elementor-image-box-content\"><h4 class=\"elementor-image-box-title\">Rafael Amargo<\/h4><\/div><\/div>\t\t\t\t<\/div>\n\t\t\t\t<\/div>\n\t\t\t\t<\/div>\n\t\t\t\t<\/div>\n\t\t<div class=\"elementor-element elementor-element-2b9ec0e e-con-full e-flex e-con e-child\" data-id=\"2b9ec0e\" data-element_type=\"container\" data-e-type=\"container\">\n\t\t\t\t<\/div>\n\t\t\t\t\t<\/div>\n\t\t\t\t<\/div>\n\t\t\t\t<\/div>\n\t\t","protected":false},"excerpt":{"rendered":"<p>Artistas famosas Luc\u00eda Lacarra \u00c1ngel Corella Tamara Rojo Sara Baras N\u00faria Guiu nacho duato Joaqu\u00edn Cort\u00e9s Antonio Gades nacho duato Matilde Coral Farruquito Eva Yerbabuena Antonio Canales Lola Flores \u00abLa Faraona\u00bb Vicente Escudero Lola Flores \u00abLa Faraona\u00bb Rafael Amargo<\/p>\n","protected":false},"author":2,"featured_media":0,"parent":0,"menu_order":0,"comment_status":"closed","ping_status":"closed","template":"","meta":{"_acf_changed":false,"footnotes":""},"class_list":["post-1179","page","type-page","status-publish","hentry"],"acf":[],"_hostinger_reach_plugin_has_subscription_block":false,"_hostinger_reach_plugin_is_elementor":false,"_links":{"self":[{"href":"https:\/\/olebelbalady.com\/es\/wp-json\/wp\/v2\/pages\/1179","targetHints":{"allow":["GET"]}}],"collection":[{"href":"https:\/\/olebelbalady.com\/es\/wp-json\/wp\/v2\/pages"}],"about":[{"href":"https:\/\/olebelbalady.com\/es\/wp-json\/wp\/v2\/types\/page"}],"author":[{"embeddable":true,"href":"https:\/\/olebelbalady.com\/es\/wp-json\/wp\/v2\/users\/2"}],"replies":[{"embeddable":true,"href":"https:\/\/olebelbalady.com\/es\/wp-json\/wp\/v2\/comments?post=1179"}],"version-history":[{"count":10,"href":"https:\/\/olebelbalady.com\/es\/wp-json\/wp\/v2\/pages\/1179\/revisions"}],"predecessor-version":[{"id":1225,"href":"https:\/\/olebelbalady.com\/es\/wp-json\/wp\/v2\/pages\/1179\/revisions\/1225"}],"wp:attachment":[{"href":"https:\/\/olebelbalady.com\/es\/wp-json\/wp\/v2\/media?parent=1179"}],"curies":[{"name":"wp","href":"https:\/\/api.w.org\/{rel}","templated":true}]}}